{"id":181,"date":"2025-02-14T06:50:48","date_gmt":"2025-02-14T05:50:48","guid":{"rendered":"https:\/\/cuadrabuslineas.com\/?page_id=181"},"modified":"2025-02-25T14:05:29","modified_gmt":"2025-02-25T13:05:29","slug":"bilbao-logrono","status":"publish","type":"page","link":"https:\/\/cuadrabuslineas.com\/index.php\/bilbao-logrono\/","title":{"rendered":"Toda la informaci\u00f3n sobre: Direcci\u00f3n Bilbao y Logro\u00f1o"},"content":{"rendered":"\t\t<div data-elementor-type=\"wp-page\" data-elementor-id=\"181\" class=\"elementor elementor-181\" data-elementor-post-type=\"page\">\n\t\t\t\t<div class=\"elementor-element elementor-element-86aeddd e-flex e-con-boxed e-con e-parent\" data-id=\"86aeddd\" data-element_type=\"container\" data-e-type=\"container\" data-settings=\"{&quot;background_background&quot;:&quot;classic&quot;}\">\n\t\t\t\t\t<div class=\"e-con-inner\">\n\t\t\t\t<div class=\"elementor-element elementor-element-55e28c9 elementor-widget elementor-widget-heading\" data-id=\"55e28c9\" data-element_type=\"widget\" data-e-type=\"widget\" data-widget_type=\"heading.default\">\n\t\t\t\t<div class=\"elementor-widget-container\">\n\t\t\t\t\t<h2 class=\"elementor-heading-title elementor-size-default\">Bilbao  Logro\u00f1o<\/h2>\t\t\t\t<\/div>\n\t\t\t\t<\/div>\n\t\t\t\t\t<\/div>\n\t\t\t\t<\/div>\n\t\t<div class=\"elementor-element elementor-element-c760ba2 e-grid e-con-boxed e-con e-parent\" data-id=\"c760ba2\" data-element_type=\"container\" data-e-type=\"container\" data-settings=\"{&quot;background_background&quot;:&quot;classic&quot;}\">\n\t\t\t\t\t<div class=\"e-con-inner\">\n\t\t<div class=\"elementor-element elementor-element-45acecd e-con-full e-flex e-con e-child\" data-id=\"45acecd\" data-element_type=\"container\" data-e-type=\"container\" data-settings=\"{&quot;background_background&quot;:&quot;classic&quot;}\">\n\t\t\t\t<div class=\"elementor-element elementor-element-2cef4b5 elementor-widget-tablet__width-initial elementor-widget elementor-widget-heading\" data-id=\"2cef4b5\" data-element_type=\"widget\" data-e-type=\"widget\" data-widget_type=\"heading.default\">\n\t\t\t\t<div class=\"elementor-widget-container\">\n\t\t\t\t\t<h2 class=\"elementor-heading-title elementor-size-default\"><a href=\"https:\/\/cuadrabuslineas.com\/index.php\/rutas-horarios-y-frecuencias\/\">L\u00edneas, horarios y frecuencias<\/a><\/h2>\t\t\t\t<\/div>\n\t\t\t\t<\/div>\n\t\t\t\t<\/div>\n\t\t<div class=\"elementor-element elementor-element-89f069c e-con-full e-flex e-con e-child\" data-id=\"89f069c\" data-element_type=\"container\" data-e-type=\"container\" data-settings=\"{&quot;background_background&quot;:&quot;classic&quot;}\">\n\t\t\t\t<\/div>\n\t\t<div class=\"elementor-element elementor-element-245d170 e-con-full e-flex e-con e-child\" data-id=\"245d170\" data-element_type=\"container\" data-e-type=\"container\" data-settings=\"{&quot;background_background&quot;:&quot;classic&quot;}\">\n\t\t\t\t<div class=\"elementor-element elementor-element-b4bdd03 elementor-widget elementor-widget-heading\" data-id=\"b4bdd03\" data-element_type=\"widget\" data-e-type=\"widget\" data-widget_type=\"heading.default\">\n\t\t\t\t<div class=\"elementor-widget-container\">\n\t\t\t\t\t<h2 class=\"elementor-heading-title elementor-size-default\"><a href=\"https:\/\/cuadrabuslineas.com\/index.php\/area-del-viajero\/\">\u00c1rea del viajero<\/a><\/h2>\t\t\t\t<\/div>\n\t\t\t\t<\/div>\n\t\t\t\t<\/div>\n\t\t<div class=\"elementor-element elementor-element-128bf10 e-con-full e-flex e-con e-child\" data-id=\"128bf10\" data-element_type=\"container\" data-e-type=\"container\" data-settings=\"{&quot;background_background&quot;:&quot;classic&quot;}\">\n\t\t\t\t<\/div>\n\t\t<div class=\"elementor-element elementor-element-acfc801 e-con-full e-flex e-con e-child\" data-id=\"acfc801\" data-element_type=\"container\" data-e-type=\"container\" data-settings=\"{&quot;background_background&quot;:&quot;classic&quot;}\">\n\t\t\t\t<\/div>\n\t\t<div class=\"elementor-element elementor-element-a84df22 e-con-full e-flex e-con e-child\" data-id=\"a84df22\" data-element_type=\"container\" data-e-type=\"container\" data-settings=\"{&quot;background_background&quot;:&quot;classic&quot;}\">\n\t\t<div class=\"elementor-element elementor-element-6200f2c e-con-full e-flex e-con e-child\" data-id=\"6200f2c\" data-element_type=\"container\" data-e-type=\"container\" data-settings=\"{&quot;background_background&quot;:&quot;classic&quot;}\">\n\t\t\t\t<div class=\"elementor-element elementor-element-b85fd2e elementor-widget elementor-widget-heading\" data-id=\"b85fd2e\" data-element_type=\"widget\" data-e-type=\"widget\" data-widget_type=\"heading.default\">\n\t\t\t\t<div class=\"elementor-widget-container\">\n\t\t\t\t\t<h2 class=\"elementor-heading-title elementor-size-default\"><a href=\"https:\/\/cuadrabuslineas.com\/index.php\/bonos-de-viaje-logrono\/\">Bonos de viaje<\/a><\/h2>\t\t\t\t<\/div>\n\t\t\t\t<\/div>\n\t\t\t\t<\/div>\n\t\t\t\t<\/div>\n\t\t<div class=\"elementor-element elementor-element-a01348f e-con-full e-flex e-con e-child\" data-id=\"a01348f\" data-element_type=\"container\" data-e-type=\"container\" data-settings=\"{&quot;background_background&quot;:&quot;classic&quot;}\">\n\t\t\t\t<\/div>\n\t\t<div class=\"elementor-element elementor-element-359c4a5 e-con-full e-flex e-con e-child\" data-id=\"359c4a5\" data-element_type=\"container\" data-e-type=\"container\" data-settings=\"{&quot;background_background&quot;:&quot;classic&quot;}\">\n\t\t\t\t<div class=\"elementor-element elementor-element-710441c elementor-widget elementor-widget-heading\" data-id=\"710441c\" data-element_type=\"widget\" data-e-type=\"widget\" data-widget_type=\"heading.default\">\n\t\t\t\t<div class=\"elementor-widget-container\">\n\t\t\t\t\t<h2 class=\"elementor-heading-title elementor-size-default\"><a href=\"https:\/\/cuadrabuslineas.com\/index.php\/tarifas-y-descuentos\/\">Tarifas y descuentos<\/a><\/h2>\t\t\t\t<\/div>\n\t\t\t\t<\/div>\n\t\t\t\t<\/div>\n\t\t<div class=\"elementor-element elementor-element-11ecc4a e-con-full e-flex e-con e-child\" data-id=\"11ecc4a\" data-element_type=\"container\" data-e-type=\"container\" data-settings=\"{&quot;background_background&quot;:&quot;classic&quot;}\">\n\t\t\t\t<div class=\"elementor-element elementor-element-ba148db elementor-widget elementor-widget-heading\" data-id=\"ba148db\" data-element_type=\"widget\" data-e-type=\"widget\" data-widget_type=\"heading.default\">\n\t\t\t\t<div class=\"elementor-widget-container\">\n\t\t\t\t\t<h2 class=\"elementor-heading-title elementor-size-default\"><a href=\"https:\/\/cuadrabuslineas.com\/index.php\/mascota\/\">Mascotas<\/a><\/h2>\t\t\t\t<\/div>\n\t\t\t\t<\/div>\n\t\t\t\t<\/div>\n\t\t<div class=\"elementor-element elementor-element-4221ebd e-con-full e-flex e-con e-child\" data-id=\"4221ebd\" data-element_type=\"container\" data-e-type=\"container\" data-settings=\"{&quot;background_background&quot;:&quot;classic&quot;}\">\n\t\t\t\t<\/div>\n\t\t<div class=\"elementor-element elementor-element-26f4b3b e-con-full e-flex e-con e-child\" data-id=\"26f4b3b\" data-element_type=\"container\" data-e-type=\"container\" data-settings=\"{&quot;background_background&quot;:&quot;classic&quot;}\">\n\t\t\t\t<div class=\"elementor-element elementor-element-9971a1f elementor-widget elementor-widget-heading\" data-id=\"9971a1f\" data-element_type=\"widget\" data-e-type=\"widget\" data-widget_type=\"heading.default\">\n\t\t\t\t<div class=\"elementor-widget-container\">\n\t\t\t\t\t<h2 class=\"elementor-heading-title elementor-size-default\"><a href=\"https:\/\/cuadrabuslineas.com\/index.php\/kilometros-sostenibles\/\">Kilometros sostenibles<\/a><\/h2>\t\t\t\t<\/div>\n\t\t\t\t<\/div>\n\t\t\t\t<\/div>\n\t\t<div class=\"elementor-element elementor-element-24f8333 e-con-full e-flex e-con e-child\" data-id=\"24f8333\" data-element_type=\"container\" data-e-type=\"container\" data-settings=\"{&quot;background_background&quot;:&quot;classic&quot;}\">\n\t\t\t\t<\/div>\n\t\t<div class=\"elementor-element elementor-element-32e2ff1 e-con-full e-flex e-con e-child\" data-id=\"32e2ff1\" data-element_type=\"container\" data-e-type=\"container\" data-settings=\"{&quot;background_background&quot;:&quot;classic&quot;}\">\n\t\t\t\t<\/div>\n\t\t<div class=\"elementor-element elementor-element-88c19f3 e-con-full e-flex e-con e-child\" data-id=\"88c19f3\" data-element_type=\"container\" data-e-type=\"container\" data-settings=\"{&quot;background_background&quot;:&quot;classic&quot;}\">\n\t\t\t\t<div class=\"elementor-element elementor-element-5d2661c elementor-widget elementor-widget-heading\" data-id=\"5d2661c\" data-element_type=\"widget\" data-e-type=\"widget\" data-widget_type=\"heading.default\">\n\t\t\t\t<div class=\"elementor-widget-container\">\n\t\t\t\t\t<h2 class=\"elementor-heading-title elementor-size-default\"><a href=\"https:\/\/cuadrabuslineas.com\/index.php\/accesibilidad\/\">Servicios Accesibles<\/a><\/h2>\t\t\t\t<\/div>\n\t\t\t\t<\/div>\n\t\t\t\t<\/div>\n\t\t<div class=\"elementor-element elementor-element-4029592 e-con-full e-flex e-con e-child\" data-id=\"4029592\" data-element_type=\"container\" data-e-type=\"container\" data-settings=\"{&quot;background_background&quot;:&quot;classic&quot;}\">\n\t\t\t\t<\/div>\n\t\t<div class=\"elementor-element elementor-element-074f103 e-con-full e-flex e-con e-child\" data-id=\"074f103\" data-element_type=\"container\" data-e-type=\"container\" data-settings=\"{&quot;background_background&quot;:&quot;classic&quot;}\">\n\t\t\t\t<div class=\"elementor-element elementor-element-10a948a elementor-widget elementor-widget-heading\" data-id=\"10a948a\" data-element_type=\"widget\" data-e-type=\"widget\" data-widget_type=\"heading.default\">\n\t\t\t\t<div class=\"elementor-widget-container\">\n\t\t\t\t\t<h2 class=\"elementor-heading-title elementor-size-default\"><a href=\"https:\/\/cuadrabuslineas.com\/index.php\/eleccion\/\">Turismo y eventos<\/a><\/h2>\t\t\t\t<\/div>\n\t\t\t\t<\/div>\n\t\t\t\t<\/div>\n\t\t\t\t\t<\/div>\n\t\t\t\t<\/div>\n\t\t\t\t<\/div>\n\t\t","protected":false},"excerpt":{"rendered":"<p>Bilbao Logro\u00f1o L\u00edneas, horarios y frecuencias \u00c1rea del viajero Bonos de viaje Tarifas y descuentos Mascotas Kilometros sostenibles Servicios Accesibles Turismo y eventos<\/p>\n","protected":false},"author":1,"featured_media":0,"parent":0,"menu_order":0,"comment_status":"closed","ping_status":"closed","template":"","meta":{"om_disable_all_campaigns":false,"_monsterinsights_skip_tracking":false,"_monsterinsights_sitenote_active":false,"_monsterinsights_sitenote_note":"","_monsterinsights_sitenote_category":0,"footnotes":""},"class_list":["post-181","page","type-page","status-publish","hentry"],"aioseo_notices":[],"_links":{"self":[{"href":"https:\/\/cuadrabuslineas.com\/index.php\/wp-json\/wp\/v2\/pages\/181","targetHints":{"allow":["GET"]}}],"collection":[{"href":"https:\/\/cuadrabuslineas.com\/index.php\/wp-json\/wp\/v2\/pages"}],"about":[{"href":"https:\/\/cuadrabuslineas.com\/index.php\/wp-json\/wp\/v2\/types\/page"}],"author":[{"embeddable":true,"href":"https:\/\/cuadrabuslineas.com\/index.php\/wp-json\/wp\/v2\/users\/1"}],"replies":[{"embeddable":true,"href":"https:\/\/cuadrabuslineas.com\/index.php\/wp-json\/wp\/v2\/comments?post=181"}],"version-history":[{"count":30,"href":"https:\/\/cuadrabuslineas.com\/index.php\/wp-json\/wp\/v2\/pages\/181\/revisions"}],"predecessor-version":[{"id":784,"href":"https:\/\/cuadrabuslineas.com\/index.php\/wp-json\/wp\/v2\/pages\/181\/revisions\/784"}],"wp:attachment":[{"href":"https:\/\/cuadrabuslineas.com\/index.php\/wp-json\/wp\/v2\/media?parent=181"}],"curies":[{"name":"wp","href":"https:\/\/api.w.org\/{rel}","templated":true}]}}