{"id":262,"date":"2025-02-14T12:41:58","date_gmt":"2025-02-14T11:41:58","guid":{"rendered":"https:\/\/cuadrabuslineas.com\/?page_id=262"},"modified":"2025-02-25T14:18:01","modified_gmt":"2025-02-25T13:18:01","slug":"politica-de-privacidad","status":"publish","type":"page","link":"https:\/\/cuadrabuslineas.com\/index.php\/politica-de-privacidad\/","title":{"rendered":"Pol\u00edtica de Privacidad: Protecci\u00f3n de datos en CuadraBus"},"content":{"rendered":"\t\t<div data-elementor-type=\"wp-page\" data-elementor-id=\"262\" class=\"elementor elementor-262\" data-elementor-post-type=\"page\">\n\t\t\t\t<div class=\"elementor-element elementor-element-1a592760 e-flex e-con-boxed e-con e-parent\" data-id=\"1a592760\" data-element_type=\"container\" data-e-type=\"container\">\n\t\t\t\t\t<div class=\"e-con-inner\">\n\t\t\t\t<div class=\"elementor-element elementor-element-5bd8e1dd elementor-widget elementor-widget-heading\" data-id=\"5bd8e1dd\" data-element_type=\"widget\" data-e-type=\"widget\" data-widget_type=\"heading.default\">\n\t\t\t\t<div class=\"elementor-widget-container\">\n\t\t\t\t\t<h2 class=\"elementor-heading-title elementor-size-default\">Pol\u00edtica de Privacidad<\/h2>\t\t\t\t<\/div>\n\t\t\t\t<\/div>\n\t\t\t\t<div class=\"elementor-element elementor-element-1df16a54 elementor-widget-divider--view-line elementor-widget elementor-widget-divider\" data-id=\"1df16a54\" data-element_type=\"widget\" data-e-type=\"widget\" data-widget_type=\"divider.default\">\n\t\t\t\t<div class=\"elementor-widget-container\">\n\t\t\t\t\t\t\t<div class=\"elementor-divider\">\n\t\t\t<span class=\"elementor-divider-separator\">\n\t\t\t\t\t\t<\/span>\n\t\t<\/div>\n\t\t\t\t\t\t<\/div>\n\t\t\t\t<\/div>\n\t\t\t\t<div class=\"elementor-element elementor-element-74e6c01e elementor-widget elementor-widget-text-editor\" data-id=\"74e6c01e\" data-element_type=\"widget\" data-e-type=\"widget\" data-widget_type=\"text-editor.default\">\n\t\t\t\t<div class=\"elementor-widget-container\">\n\t\t\t\t\t\t\t\t\t<p>En cumplimiento del art\u00edculo 5 de la Ley Org\u00e1nica de Protecci\u00f3n de Datos 15\/1999, por el que se regula el derecho de informaci\u00f3n en la recogida de datos se le informa de que los datos personales que usted nos facilite van a ser incorporados a un fichero automatizado cuya finalidad es ofrecerle nuestra mejor atenci\u00f3n e informarle sobre nuestros productos y\/o servicios.<\/p><p>Se pone en su conocimiento el derecho de acceso, rectificaci\u00f3n, cancelaci\u00f3n y oposici\u00f3n al tratamiento de sus datos personales mediante escrito dirigido a info@cuadrabus.com<\/p><p><strong>CONDICIONES DE USO<\/strong><\/p><p>El uso del sitio web http:\/\/www.cuadrabus.com se rige por las normas establecidas en el presente aviso legal conforme a las leyes espa\u00f1olas. Con su utilizaci\u00f3n, el usuario se compromete a utilizar el sitio web y sus servicios y contenidos sin contravenir la legislaci\u00f3n vigente, la buena fe, los usos generalmente aceptados y el orden p\u00fablico.<\/p><p>En cumplimiento de la ley LSSI le informamos que este espacio web y todo su material pertenecen a AUTOBUSES CUADRA S.A., con C.I.F: A-01.018258 ; Pol. Zankueta, s\/n 01468 Amurrio (\u00c1lava) (Registro Mercantil de Vitoria, Tomo 226, Libro 126 de la Secci\u00f3n de An\u00f3nimas, Folio 63, Hoja 1.335, Inscripci\u00f3n 1\u00aa de fecha 01\/02\/1980)<\/p><p>El sitio web http:\/\/www.cuadrabus.com o cualquier parte del mismo, no se podr\u00e1 reproducir, duplicar, copiar, vender, revender ni explotar para cualquier fin comercial o de otro tipo que no est\u00e9 expresamente permitido por nuestra compa\u00f1\u00eda. As\u00ed mismo, queda prohibido el uso del web con fines il\u00edcitos contra AUTOBUSES CUADRA, S.A. o cualquier tercero, o que, de cualquier forma, puedan causar perjuicio o impedir el normal funcionamiento del sitio web.<\/p><p>La modificaci\u00f3n de los materiales o el uso de los mismos para otro fin constituyen una violaci\u00f3n de los derechos de marca registrada.<\/p><p><strong>RESPONSABILIDAD LIMITADA<\/strong><\/p><p>Bajo ninguna circunstancia AUTOBUSES CUADRA S.A. ser\u00e1 responsable ante terceros por cualquier da\u00f1o directo o indirecto, econ\u00f3mico, p\u00e9rdida de clientela o p\u00e9rdida de ganancias, resultado del uso de http:\/\/www.cuadrabus.com<\/p><p><strong>ENLACES CON OTROS SITIOS WEBS<\/strong><\/p><p>En el supuesto de que la presente p\u00e1gina web pudiera contener v\u00ednculos o enlaces con otros portales o sitios web no gestionados por AUTOBUSES CUADRA S.A., esta sociedad manifiesta que no ejerce control alguno sobre dichos sitios ni es responsable del contenido de los mismos. Los links que esta web pudiera contener se ofrecer\u00e1n, \u00fanicamente, a modo de referencias informativas, sin ning\u00fan tipo de valoraci\u00f3n sobre los contenidos, propietarios, servicios o productos ofrecidos desde los mismos. AUTOBUSES CUADRA S.A. se reserva el derecho a eliminar cualquier enlace en cualquier momento. En todo caso, AUTOBUSES CUADRA S.A.. se exonera de toda responsabilidad en relaci\u00f3n con los servicios prestados por dichos terceros frente a cualesquiera reclamaciones de cualquier naturaleza y demandas que pudieran interponerse en relaci\u00f3n con los mismos.<\/p><p>El establecimiento de cualquier \u201chiperenlace\u201d entre una p\u00e1gina web y cualquiera de las p\u00e1ginas web del sitio Web de AUTOBUSES CUADRA S.A. estar\u00e1 sometido a las siguientes condiciones: a) Bajo ninguna circunstancia AUTOBUES CUADRA S.A. ser\u00e1 responsable de los contenidos o servicios puestos a disposici\u00f3n del p\u00fablico en la p\u00e1gina web desde la que se realice el hiperenlace, ni de las informaciones y manifestaciones incluidas en las mismas b) no se permite la reproducci\u00f3n ni total ni parcial de ninguno de los servicios ni contenidos del sitio web de AUTOBUSES CUADRA S.A.. c) la p\u00e1gina web en la que se establezca el hiperenlace no contendr\u00e1 ninguna marca, nombre comercial, r\u00f3tulo de establecimiento, denominaci\u00f3n, logotipo, eslogan u otros signos distintivos pertenecientes a AUTOBUSES CUADRA S.A.<\/p>\t\t\t\t\t\t\t\t<\/div>\n\t\t\t\t<\/div>\n\t\t\t\t\t<\/div>\n\t\t\t\t<\/div>\n\t\t\t\t<\/div>\n\t\t","protected":false},"excerpt":{"rendered":"<p>Pol\u00edtica de Privacidad En cumplimiento del art\u00edculo 5 de la Ley Org\u00e1nica de Protecci\u00f3n de Datos 15\/1999, por el que se regula el derecho de informaci\u00f3n en la recogida de [&hellip;]<\/p>\n","protected":false},"author":1,"featured_media":0,"parent":0,"menu_order":0,"comment_status":"closed","ping_status":"closed","template":"","meta":{"om_disable_all_campaigns":false,"_monsterinsights_skip_tracking":false,"_monsterinsights_sitenote_active":false,"_monsterinsights_sitenote_note":"","_monsterinsights_sitenote_category":0,"footnotes":""},"class_list":["post-262","page","type-page","status-publish","hentry"],"aioseo_notices":[],"_links":{"self":[{"href":"https:\/\/cuadrabuslineas.com\/index.php\/wp-json\/wp\/v2\/pages\/262","targetHints":{"allow":["GET"]}}],"collection":[{"href":"https:\/\/cuadrabuslineas.com\/index.php\/wp-json\/wp\/v2\/pages"}],"about":[{"href":"https:\/\/cuadrabuslineas.com\/index.php\/wp-json\/wp\/v2\/types\/page"}],"author":[{"embeddable":true,"href":"https:\/\/cuadrabuslineas.com\/index.php\/wp-json\/wp\/v2\/users\/1"}],"replies":[{"embeddable":true,"href":"https:\/\/cuadrabuslineas.com\/index.php\/wp-json\/wp\/v2\/comments?post=262"}],"version-history":[{"count":5,"href":"https:\/\/cuadrabuslineas.com\/index.php\/wp-json\/wp\/v2\/pages\/262\/revisions"}],"predecessor-version":[{"id":804,"href":"https:\/\/cuadrabuslineas.com\/index.php\/wp-json\/wp\/v2\/pages\/262\/revisions\/804"}],"wp:attachment":[{"href":"https:\/\/cuadrabuslineas.com\/index.php\/wp-json\/wp\/v2\/media?parent=262"}],"curies":[{"name":"wp","href":"https:\/\/api.w.org\/{rel}","templated":true}]}}