{"id":376,"date":"2025-02-24T12:56:08","date_gmt":"2025-02-24T11:56:08","guid":{"rendered":"https:\/\/cuadrabuslineas.com\/?page_id=376"},"modified":"2025-04-18T15:49:54","modified_gmt":"2025-04-18T13:49:54","slug":"bonos-de-viaje-pamplona","status":"publish","type":"page","link":"https:\/\/cuadrabuslineas.com\/index.php\/bonos-de-viaje-pamplona\/","title":{"rendered":"Ahorra viajando: bonos especiales para Pamplona en CuadraBus"},"content":{"rendered":"\t\t<div data-elementor-type=\"wp-page\" data-elementor-id=\"376\" class=\"elementor elementor-376\" data-elementor-post-type=\"page\">\n\t\t\t\t<div class=\"elementor-element elementor-element-12e134e e-flex e-con-boxed e-con e-parent\" data-id=\"12e134e\" data-element_type=\"container\" data-e-type=\"container\" data-settings=\"{&quot;background_background&quot;:&quot;classic&quot;}\">\n\t\t\t\t\t<div class=\"e-con-inner\">\n\t\t<div class=\"elementor-element elementor-element-7d667bc e-con-full e-flex e-con e-child\" data-id=\"7d667bc\" data-element_type=\"container\" data-e-type=\"container\" data-settings=\"{&quot;background_background&quot;:&quot;classic&quot;}\">\n\t\t\t\t<div class=\"elementor-element elementor-element-d693bd7 elementor-nav-menu--dropdown-tablet elementor-nav-menu__text-align-aside elementor-widget elementor-widget-nav-menu\" data-id=\"d693bd7\" data-element_type=\"widget\" data-e-type=\"widget\" data-settings=\"{&quot;layout&quot;:&quot;horizontal&quot;,&quot;submenu_icon&quot;:{&quot;value&quot;:&quot;&lt;svg aria-hidden=\\&quot;true\\&quot; class=\\&quot;e-font-icon-svg e-fas-caret-down\\&quot; viewBox=\\&quot;0 0 320 512\\&quot; xmlns=\\&quot;http:\\\/\\\/www.w3.org\\\/2000\\\/svg\\&quot;&gt;&lt;path d=\\&quot;M31.3 192h257.3c17.8 0 26.7 21.5 14.1 34.1L174.1 354.8c-7.8 7.8-20.5 7.8-28.3 0L17.2 226.1C4.6 213.5 13.5 192 31.3 192z\\&quot;&gt;&lt;\\\/path&gt;&lt;\\\/svg&gt;&quot;,&quot;library&quot;:&quot;fa-solid&quot;}}\" data-widget_type=\"nav-menu.default\">\n\t\t\t\t<div class=\"elementor-widget-container\">\n\t\t\t\t\t\t\t\t<nav aria-label=\"Men\u00fa\" class=\"elementor-nav-menu--main elementor-nav-menu__container elementor-nav-menu--layout-horizontal e--pointer-none\">\n\t\t\t\t<ul id=\"menu-1-d693bd7\" class=\"elementor-nav-menu\"><li class=\"menu-item menu-item-type-post_type menu-item-object-page menu-item-1082\"><a href=\"https:\/\/cuadrabuslineas.com\/index.php\/rutas-horarios-y-frecuencias-pamplona\/\" class=\"elementor-item\">L\u00edneas y horarios<\/a><\/li>\n<li class=\"menu-item menu-item-type-post_type menu-item-object-page menu-item-1083\"><a href=\"https:\/\/cuadrabuslineas.com\/index.php\/area-viajero-pamplona\/\" class=\"elementor-item\">\u00c1rea del viajero<\/a><\/li>\n<li class=\"menu-item menu-item-type-post_type menu-item-object-page menu-item-1084\"><a href=\"https:\/\/cuadrabuslineas.com\/index.php\/bonos-de-viaje-pamplona\/\" class=\"elementor-item\">Bonos de viaje<\/a><\/li>\n<li class=\"menu-item menu-item-type-post_type menu-item-object-page menu-item-1086\"><a href=\"https:\/\/cuadrabuslineas.com\/index.php\/tarifas-y-descuentos-pamplona\/\" class=\"elementor-item\">Tarifas y descuentos<\/a><\/li>\n<li class=\"menu-item menu-item-type-post_type menu-item-object-page menu-item-1087\"><a href=\"https:\/\/cuadrabuslineas.com\/index.php\/mascota\/\" class=\"elementor-item\">Mascotas<\/a><\/li>\n<li class=\"menu-item menu-item-type-post_type menu-item-object-page menu-item-1088\"><a href=\"https:\/\/cuadrabuslineas.com\/index.php\/accesibilidad\/\" class=\"elementor-item\">Accesibilidad<\/a><\/li>\n<\/ul>\t\t\t<\/nav>\n\t\t\t\t\t\t<nav class=\"elementor-nav-menu--dropdown elementor-nav-menu__container\" aria-hidden=\"true\">\n\t\t\t\t<ul id=\"menu-2-d693bd7\" class=\"elementor-nav-menu\"><li class=\"menu-item menu-item-type-post_type menu-item-object-page menu-item-1082\"><a href=\"https:\/\/cuadrabuslineas.com\/index.php\/rutas-horarios-y-frecuencias-pamplona\/\" class=\"elementor-item\" tabindex=\"-1\">L\u00edneas y horarios<\/a><\/li>\n<li class=\"menu-item menu-item-type-post_type menu-item-object-page menu-item-1083\"><a href=\"https:\/\/cuadrabuslineas.com\/index.php\/area-viajero-pamplona\/\" class=\"elementor-item\" tabindex=\"-1\">\u00c1rea del viajero<\/a><\/li>\n<li class=\"menu-item menu-item-type-post_type menu-item-object-page menu-item-1084\"><a href=\"https:\/\/cuadrabuslineas.com\/index.php\/bonos-de-viaje-pamplona\/\" class=\"elementor-item\" tabindex=\"-1\">Bonos de viaje<\/a><\/li>\n<li class=\"menu-item menu-item-type-post_type menu-item-object-page menu-item-1086\"><a href=\"https:\/\/cuadrabuslineas.com\/index.php\/tarifas-y-descuentos-pamplona\/\" class=\"elementor-item\" tabindex=\"-1\">Tarifas y descuentos<\/a><\/li>\n<li class=\"menu-item menu-item-type-post_type menu-item-object-page menu-item-1087\"><a href=\"https:\/\/cuadrabuslineas.com\/index.php\/mascota\/\" class=\"elementor-item\" tabindex=\"-1\">Mascotas<\/a><\/li>\n<li class=\"menu-item menu-item-type-post_type menu-item-object-page menu-item-1088\"><a href=\"https:\/\/cuadrabuslineas.com\/index.php\/accesibilidad\/\" class=\"elementor-item\" tabindex=\"-1\">Accesibilidad<\/a><\/li>\n<\/ul>\t\t\t<\/nav>\n\t\t\t\t\t\t<\/div>\n\t\t\t\t<\/div>\n\t\t\t\t<\/div>\n\t\t\t\t\t<\/div>\n\t\t\t\t<\/div>\n\t\t<div class=\"elementor-element elementor-element-391c5cad e-flex e-con-boxed e-con e-parent\" data-id=\"391c5cad\" data-element_type=\"container\" data-e-type=\"container\" data-settings=\"{&quot;background_background&quot;:&quot;classic&quot;}\">\n\t\t\t\t\t<div class=\"e-con-inner\">\n\t\t<div class=\"elementor-element elementor-element-2341b9ae e-con-full e-flex e-con e-child\" data-id=\"2341b9ae\" data-element_type=\"container\" data-e-type=\"container\">\n\t\t<div class=\"elementor-element elementor-element-1a2b6413 e-con-full e-grid e-con e-child\" data-id=\"1a2b6413\" data-element_type=\"container\" data-e-type=\"container\" data-settings=\"{&quot;background_background&quot;:&quot;classic&quot;}\">\n\t\t\t\t<div class=\"elementor-element elementor-element-45c0c482 elementor-widget elementor-widget-shortcode\" data-id=\"45c0c482\" data-element_type=\"widget\" data-e-type=\"widget\" data-widget_type=\"shortcode.default\">\n\t\t\t\t<div class=\"elementor-widget-container\">\n\t\t\t\t\t\t\t<div class=\"elementor-shortcode\"><!DOCTYPE html>\n<html lang=\"es\">\n<head>\n    <meta charset=\"UTF-8\">\n    <meta name=\"viewport\" content=\"width=device-width, initial-scale=1.0\">\n    <title>Iframe Centrado<\/title>\n    <style>\n        .iframe-container {\n            display: flex;\n            justify-content: center;\n            align-items: center;\n            height: 60vh;\n        }\n        .iframe {\n            width: 45%;\n            height: 350px;\n            border: 0;\n        }\n    <\/style>\n<\/head>\n<body>\n    <div class=\"iframe-container\">\n        <iframe class=\"iframe\" src=\"https:\/\/cuadra.ingeniacom.com\/venta\/iframe\/es-ES\" name=\"home\" scrolling=\"yes\"><\/iframe>\n    <\/div>\n<\/body>\n<\/html>\n<\/div>\n\t\t\t\t\t\t<\/div>\n\t\t\t\t<\/div>\n\t\t\t\t<\/div>\n\t\t\t\t<\/div>\n\t\t<div class=\"elementor-element elementor-element-3eb2e1bf e-con-full e-flex e-con e-child\" data-id=\"3eb2e1bf\" data-element_type=\"container\" data-e-type=\"container\" data-settings=\"{&quot;background_background&quot;:&quot;classic&quot;}\">\n\t\t\t\t<div class=\"elementor-element elementor-element-d890c4a elementor-widget elementor-widget-heading\" data-id=\"d890c4a\" data-element_type=\"widget\" data-e-type=\"widget\" data-widget_type=\"heading.default\">\n\t\t\t\t<div class=\"elementor-widget-container\">\n\t\t\t\t\t<h1 class=\"elementor-heading-title elementor-size-default\">Bonos de viaje l\u00ednea Bilbao\/Pamplona<\/h1>\t\t\t\t<\/div>\n\t\t\t\t<\/div>\n\t\t\t\t<div class=\"elementor-element elementor-element-7480683a elementor-widget-divider--view-line elementor-widget elementor-widget-divider\" data-id=\"7480683a\" data-element_type=\"widget\" data-e-type=\"widget\" data-widget_type=\"divider.default\">\n\t\t\t\t<div class=\"elementor-widget-container\">\n\t\t\t\t\t\t\t<div class=\"elementor-divider\">\n\t\t\t<span class=\"elementor-divider-separator\">\n\t\t\t\t\t\t<\/span>\n\t\t<\/div>\n\t\t\t\t\t\t<\/div>\n\t\t\t\t<\/div>\n\t\t\t\t<div class=\"elementor-element elementor-element-3ac6fcd5 elementor-widget elementor-widget-text-editor\" data-id=\"3ac6fcd5\" data-element_type=\"widget\" data-e-type=\"widget\" data-widget_type=\"text-editor.default\">\n\t\t\t\t<div class=\"elementor-widget-container\">\n\t\t\t\t\t\t\t\t\t<p>Actualmente no hay disponibles bonos de viaje para Bilbao\/Pamplona<\/p>\t\t\t\t\t\t\t\t<\/div>\n\t\t\t\t<\/div>\n\t\t\t\t<div class=\"elementor-element elementor-element-2fc1cd06 elementor-widget-divider--view-line elementor-widget elementor-widget-divider\" data-id=\"2fc1cd06\" data-element_type=\"widget\" data-e-type=\"widget\" data-widget_type=\"divider.default\">\n\t\t\t\t<div class=\"elementor-widget-container\">\n\t\t\t\t\t\t\t<div class=\"elementor-divider\">\n\t\t\t<span class=\"elementor-divider-separator\">\n\t\t\t\t\t\t<\/span>\n\t\t<\/div>\n\t\t\t\t\t\t<\/div>\n\t\t\t\t<\/div>\n\t\t\t\t<\/div>\n\t\t\t\t\t<\/div>\n\t\t\t\t<\/div>\n\t\t<div class=\"elementor-element elementor-element-5b7013ee e-con-full elementor-hidden-mobile e-flex e-con e-parent\" data-id=\"5b7013ee\" data-element_type=\"container\" data-e-type=\"container\" data-settings=\"{&quot;background_background&quot;:&quot;classic&quot;}\">\n\t\t<div class=\"elementor-element elementor-element-30e99545 e-con-full e-flex e-con e-child\" data-id=\"30e99545\" data-element_type=\"container\" data-e-type=\"container\" data-settings=\"{&quot;background_background&quot;:&quot;classic&quot;}\">\n\t\t\t\t<div class=\"elementor-element elementor-element-e3ba2b1 elementor-align-center elementor-widget elementor-widget-button\" data-id=\"e3ba2b1\" data-element_type=\"widget\" data-e-type=\"widget\" data-widget_type=\"button.default\">\n\t\t\t\t<div class=\"elementor-widget-container\">\n\t\t\t\t\t\t\t\t\t<div class=\"elementor-button-wrapper\">\n\t\t\t\t\t<a class=\"elementor-button elementor-button-link elementor-size-sm\" href=\"https:\/\/cuadra.ingeniacom.com\/venta\/tickets\/listing\/es-ES\" target=\"_blank\">\n\t\t\t\t\t\t<span class=\"elementor-button-content-wrapper\">\n\t\t\t\t\t\t\t\t\t<span class=\"elementor-button-text\">Gestiona tu billete<\/span>\n\t\t\t\t\t<\/span>\n\t\t\t\t\t<\/a>\n\t\t\t\t<\/div>\n\t\t\t\t\t\t\t\t<\/div>\n\t\t\t\t<\/div>\n\t\t\t\t<\/div>\n\t\t<div class=\"elementor-element elementor-element-4ac0598d e-con-full e-flex e-con e-child\" data-id=\"4ac0598d\" data-element_type=\"container\" data-e-type=\"container\" data-settings=\"{&quot;background_background&quot;:&quot;classic&quot;}\">\n\t\t\t\t<div class=\"elementor-element elementor-element-26dbcbfc elementor-align-center elementor-mobile-align-center elementor-widget elementor-widget-button\" data-id=\"26dbcbfc\" data-element_type=\"widget\" data-e-type=\"widget\" data-widget_type=\"button.default\">\n\t\t\t\t<div class=\"elementor-widget-container\">\n\t\t\t\t\t\t\t\t\t<div class=\"elementor-button-wrapper\">\n\t\t\t\t\t<a class=\"elementor-button elementor-button-link elementor-size-sm\" href=\"https:\/\/cuadra.ingeniacom.com\/venta\/tickets\/listing\/es-ES\" target=\"_blank\">\n\t\t\t\t\t\t<span class=\"elementor-button-content-wrapper\">\n\t\t\t\t\t\t\t\t\t<span class=\"elementor-button-text\">Modificaci\u00f3n de billetes<\/span>\n\t\t\t\t\t<\/span>\n\t\t\t\t\t<\/a>\n\t\t\t\t<\/div>\n\t\t\t\t\t\t\t\t<\/div>\n\t\t\t\t<\/div>\n\t\t\t\t<\/div>\n\t\t<div class=\"elementor-element elementor-element-5bd800a e-con-full e-flex e-con e-child\" data-id=\"5bd800a\" data-element_type=\"container\" data-e-type=\"container\" data-settings=\"{&quot;background_background&quot;:&quot;classic&quot;}\">\n\t\t\t\t<div class=\"elementor-element elementor-element-38901c12 elementor-align-center elementor-widget elementor-widget-button\" data-id=\"38901c12\" data-element_type=\"widget\" data-e-type=\"widget\" data-widget_type=\"button.default\">\n\t\t\t\t<div class=\"elementor-widget-container\">\n\t\t\t\t\t\t\t\t\t<div class=\"elementor-button-wrapper\">\n\t\t\t\t\t<a class=\"elementor-button elementor-button-link elementor-size-sm\" href=\"https:\/\/cuadra.ingeniacom.com\/venta\/tickets\/listing\/es-ES\" target=\"_blank\">\n\t\t\t\t\t\t<span class=\"elementor-button-content-wrapper\">\n\t\t\t\t\t\t\t\t\t<span class=\"elementor-button-text\">Anulaci\u00f3n de billetes<\/span>\n\t\t\t\t\t<\/span>\n\t\t\t\t\t<\/a>\n\t\t\t\t<\/div>\n\t\t\t\t\t\t\t\t<\/div>\n\t\t\t\t<\/div>\n\t\t\t\t<\/div>\n\t\t<div class=\"elementor-element elementor-element-b33a93d e-con-full e-flex e-con e-child\" data-id=\"b33a93d\" data-element_type=\"container\" data-e-type=\"container\" data-settings=\"{&quot;background_background&quot;:&quot;classic&quot;}\">\n\t\t\t\t<div class=\"elementor-element elementor-element-6a435a6d elementor-align-center elementor-widget elementor-widget-button\" data-id=\"6a435a6d\" data-element_type=\"widget\" data-e-type=\"widget\" data-widget_type=\"button.default\">\n\t\t\t\t<div class=\"elementor-widget-container\">\n\t\t\t\t\t\t\t\t\t<div class=\"elementor-button-wrapper\">\n\t\t\t\t\t<a class=\"elementor-button elementor-button-link elementor-size-sm\" href=\"https:\/\/cuadra.ingeniacom.com\/venta\/agencylogin\" target=\"_blank\">\n\t\t\t\t\t\t<span class=\"elementor-button-content-wrapper\">\n\t\t\t\t\t\t\t\t\t<span class=\"elementor-button-text\">Acceso a Agencias<\/span>\n\t\t\t\t\t<\/span>\n\t\t\t\t\t<\/a>\n\t\t\t\t<\/div>\n\t\t\t\t\t\t\t\t<\/div>\n\t\t\t\t<\/div>\n\t\t\t\t<\/div>\n\t\t<div class=\"elementor-element elementor-element-11aaa8ec e-con-full e-flex e-con e-child\" data-id=\"11aaa8ec\" data-element_type=\"container\" data-e-type=\"container\" data-settings=\"{&quot;background_background&quot;:&quot;classic&quot;}\">\n\t\t\t\t<div class=\"elementor-element elementor-element-1f07342d elementor-align-center elementor-widget elementor-widget-button\" data-id=\"1f07342d\" data-element_type=\"widget\" data-e-type=\"widget\" data-widget_type=\"button.default\">\n\t\t\t\t<div class=\"elementor-widget-container\">\n\t\t\t\t\t\t\t\t\t<div class=\"elementor-button-wrapper\">\n\t\t\t\t\t<a class=\"elementor-button elementor-button-link elementor-size-sm\" href=\"http:\/\/cuadra.ingeniacom.com\/Encuestas\/Index.aspx?Id=1\" target=\"_blank\">\n\t\t\t\t\t\t<span class=\"elementor-button-content-wrapper\">\n\t\t\t\t\t\t\t\t\t<span class=\"elementor-button-text\">Satisfacci\u00f3n<\/span>\n\t\t\t\t\t<\/span>\n\t\t\t\t\t<\/a>\n\t\t\t\t<\/div>\n\t\t\t\t\t\t\t\t<\/div>\n\t\t\t\t<\/div>\n\t\t\t\t<\/div>\n\t\t<div class=\"elementor-element elementor-element-42465b0f e-con-full e-flex e-con e-child\" data-id=\"42465b0f\" data-element_type=\"container\" data-e-type=\"container\" data-settings=\"{&quot;background_background&quot;:&quot;classic&quot;}\">\n\t\t\t\t<div class=\"elementor-element elementor-element-313f884e elementor-align-center elementor-widget elementor-widget-button\" data-id=\"313f884e\" data-element_type=\"widget\" data-e-type=\"widget\" data-widget_type=\"button.default\">\n\t\t\t\t<div class=\"elementor-widget-container\">\n\t\t\t\t\t\t\t\t\t<div class=\"elementor-button-wrapper\">\n\t\t\t\t\t<a class=\"elementor-button elementor-button-link elementor-size-sm\" href=\"https:\/\/cuadrabuslineas.com\/index.php\/objetos-perdidos\/\">\n\t\t\t\t\t\t<span class=\"elementor-button-content-wrapper\">\n\t\t\t\t\t\t\t\t\t<span class=\"elementor-button-text\">Objetos Perdidos<\/span>\n\t\t\t\t\t<\/span>\n\t\t\t\t\t<\/a>\n\t\t\t\t<\/div>\n\t\t\t\t\t\t\t\t<\/div>\n\t\t\t\t<\/div>\n\t\t\t\t<\/div>\n\t\t\t\t<\/div>\n\t\t\t\t<\/div>\n\t\t","protected":false},"excerpt":{"rendered":"<p>Iframe Centrado Bonos de viaje l\u00ednea Bilbao\/Pamplona Actualmente no hay disponibles bonos de viaje para Bilbao\/Pamplona Gestiona tu billete Modificaci\u00f3n de billetes Anulaci\u00f3n de billetes Acceso a Agencias Satisfacci\u00f3n Objetos [&hellip;]<\/p>\n","protected":false},"author":1,"featured_media":0,"parent":0,"menu_order":0,"comment_status":"closed","ping_status":"closed","template":"","meta":{"om_disable_all_campaigns":false,"_monsterinsights_skip_tracking":false,"_monsterinsights_sitenote_active":false,"_monsterinsights_sitenote_note":"","_monsterinsights_sitenote_category":0,"footnotes":""},"class_list":["post-376","page","type-page","status-publish","hentry"],"aioseo_notices":[],"_links":{"self":[{"href":"https:\/\/cuadrabuslineas.com\/index.php\/wp-json\/wp\/v2\/pages\/376","targetHints":{"allow":["GET"]}}],"collection":[{"href":"https:\/\/cuadrabuslineas.com\/index.php\/wp-json\/wp\/v2\/pages"}],"about":[{"href":"https:\/\/cuadrabuslineas.com\/index.php\/wp-json\/wp\/v2\/types\/page"}],"author":[{"embeddable":true,"href":"https:\/\/cuadrabuslineas.com\/index.php\/wp-json\/wp\/v2\/users\/1"}],"replies":[{"embeddable":true,"href":"https:\/\/cuadrabuslineas.com\/index.php\/wp-json\/wp\/v2\/comments?post=376"}],"version-history":[{"count":34,"href":"https:\/\/cuadrabuslineas.com\/index.php\/wp-json\/wp\/v2\/pages\/376\/revisions"}],"predecessor-version":[{"id":1251,"href":"https:\/\/cuadrabuslineas.com\/index.php\/wp-json\/wp\/v2\/pages\/376\/revisions\/1251"}],"wp:attachment":[{"href":"https:\/\/cuadrabuslineas.com\/index.php\/wp-json\/wp\/v2\/media?parent=376"}],"curies":[{"name":"wp","href":"https:\/\/api.w.org\/{rel}","templated":true}]}}