{"id":405,"date":"2025-02-24T13:02:25","date_gmt":"2025-02-24T12:02:25","guid":{"rendered":"https:\/\/cuadrabuslineas.com\/?page_id=405"},"modified":"2025-04-06T23:29:05","modified_gmt":"2025-04-06T21:29:05","slug":"accesibilidad","status":"publish","type":"page","link":"https:\/\/cuadrabuslineas.com\/index.php\/accesibilidad\/","title":{"rendered":"Transporte accesible y seguro para todos con CuadraBus"},"content":{"rendered":"\t\t<div data-elementor-type=\"wp-page\" data-elementor-id=\"405\" class=\"elementor elementor-405\" data-elementor-post-type=\"page\">\n\t\t\t\t<div class=\"elementor-element elementor-element-3e242f80 e-flex e-con-boxed e-con e-parent\" data-id=\"3e242f80\" data-element_type=\"container\" data-e-type=\"container\" data-settings=\"{&quot;background_background&quot;:&quot;classic&quot;}\">\n\t\t\t\t\t<div class=\"e-con-inner\">\n\t\t<div class=\"elementor-element elementor-element-3905e1fa e-con-full e-flex e-con e-child\" data-id=\"3905e1fa\" data-element_type=\"container\" data-e-type=\"container\">\n\t\t<div class=\"elementor-element elementor-element-4ed5b22f e-con-full e-grid e-con e-child\" data-id=\"4ed5b22f\" data-element_type=\"container\" data-e-type=\"container\" data-settings=\"{&quot;background_background&quot;:&quot;classic&quot;}\">\n\t\t\t\t<div class=\"elementor-element elementor-element-c9fc29b elementor-widget elementor-widget-shortcode\" data-id=\"c9fc29b\" data-element_type=\"widget\" data-e-type=\"widget\" data-widget_type=\"shortcode.default\">\n\t\t\t\t<div class=\"elementor-widget-container\">\n\t\t\t\t\t\t\t<div class=\"elementor-shortcode\"><!DOCTYPE html>\n<html lang=\"es\">\n<head>\n    <meta charset=\"UTF-8\">\n    <meta name=\"viewport\" content=\"width=device-width, initial-scale=1.0\">\n    <title>Iframe Centrado<\/title>\n    <style>\n        .iframe-container {\n            display: flex;\n            justify-content: center;\n            align-items: center;\n            height: 60vh;\n        }\n        .iframe {\n            width: 45%;\n            height: 350px;\n            border: 0;\n        }\n    <\/style>\n<\/head>\n<body>\n    <div class=\"iframe-container\">\n        <iframe class=\"iframe\" src=\"https:\/\/cuadra.ingeniacom.com\/venta\/iframe\/es-ES\" name=\"home\" scrolling=\"yes\"><\/iframe>\n    <\/div>\n<\/body>\n<\/html>\n<\/div>\n\t\t\t\t\t\t<\/div>\n\t\t\t\t<\/div>\n\t\t\t\t<\/div>\n\t\t\t\t<\/div>\n\t\t<div class=\"elementor-element elementor-element-75fa1759 e-con-full e-flex e-con e-child\" data-id=\"75fa1759\" data-element_type=\"container\" data-e-type=\"container\" data-settings=\"{&quot;background_background&quot;:&quot;classic&quot;}\">\n\t\t\t\t<div class=\"elementor-element elementor-element-688ff953 elementor-widget elementor-widget-heading\" data-id=\"688ff953\" data-element_type=\"widget\" data-e-type=\"widget\" data-widget_type=\"heading.default\">\n\t\t\t\t<div class=\"elementor-widget-container\">\n\t\t\t\t\t<h1 class=\"elementor-heading-title elementor-size-default\">Transporte adaptado a nuestras y nuestros clientes.<\/h1>\t\t\t\t<\/div>\n\t\t\t\t<\/div>\n\t\t\t\t<div class=\"elementor-element elementor-element-916f8b3 elementor-widget-divider--view-line elementor-widget elementor-widget-divider\" data-id=\"916f8b3\" data-element_type=\"widget\" data-e-type=\"widget\" data-widget_type=\"divider.default\">\n\t\t\t\t<div class=\"elementor-widget-container\">\n\t\t\t\t\t\t\t<div class=\"elementor-divider\">\n\t\t\t<span class=\"elementor-divider-separator\">\n\t\t\t\t\t\t<\/span>\n\t\t<\/div>\n\t\t\t\t\t\t<\/div>\n\t\t\t\t<\/div>\n\t\t\t\t<div class=\"elementor-element elementor-element-3165d950 elementor-widget elementor-widget-text-editor\" data-id=\"3165d950\" data-element_type=\"widget\" data-e-type=\"widget\" data-widget_type=\"text-editor.default\">\n\t\t\t\t<div class=\"elementor-widget-container\">\n\t\t\t\t\t\t\t\t\t<p>En autobuses Cuadra desarrollamos un plan para que todos nuestros servicios sean accesibles para las personas de movilidad reducida. Aquellas personas que no sean autosuficientes deber\u00e1n viajar en compa\u00f1\u00eda de una persona sin discapacidades f\u00edsicas mayor de edad.<\/p><p>Todos nuestros autobuses disponen de rampa motorizada o elevador para facilitar el acceso a las personas con movilidad reducida. Adem\u00e1s disponemos de asientos reservados, al menos cuatro asientos, para aquellas personas que viajen en silla de ruedas.<\/p><p class=\"p1\"><strong>Si viajas en silla de ruedas, por favor inf\u00f3rmanos al momento de comprar tu billete.<\/strong> <strong>Esto nos permitir\u00e1 preparar el autob\u00fas adecuadamente y garantizar que tu viaje sea c\u00f3modo y seguro.<\/strong><\/p><p class=\"p1\"><strong>Env\u00edanos un correo a info@cuadrabus.com con los detalles de tu viaje. \u00a1Estamos aqu\u00ed para ayudarte!<\/strong><\/p><p>PMR-Atenci\u00f3n al Usuario con discapacidad.<\/p>\t\t\t\t\t\t\t\t<\/div>\n\t\t\t\t<\/div>\n\t\t\t\t<\/div>\n\t\t\t\t\t<\/div>\n\t\t\t\t<\/div>\n\t\t<div class=\"elementor-element elementor-element-5c85f334 e-flex e-con-boxed e-con e-parent\" data-id=\"5c85f334\" data-element_type=\"container\" data-e-type=\"container\" data-settings=\"{&quot;background_background&quot;:&quot;classic&quot;}\">\n\t\t\t\t\t<div class=\"e-con-inner\">\n\t\t<div class=\"elementor-element elementor-element-270f9f1c e-con-full e-flex e-con e-child\" data-id=\"270f9f1c\" data-element_type=\"container\" data-e-type=\"container\">\n\t\t<div class=\"elementor-element elementor-element-110c1c75 e-con-full e-grid e-con e-child\" data-id=\"110c1c75\" data-element_type=\"container\" data-e-type=\"container\" data-settings=\"{&quot;background_background&quot;:&quot;classic&quot;}\">\n\t\t\t\t<div class=\"elementor-element elementor-element-1795127e elementor-widget-divider--view-line elementor-widget elementor-widget-divider\" data-id=\"1795127e\" data-element_type=\"widget\" data-e-type=\"widget\" data-widget_type=\"divider.default\">\n\t\t\t\t<div class=\"elementor-widget-container\">\n\t\t\t\t\t\t\t<div class=\"elementor-divider\">\n\t\t\t<span class=\"elementor-divider-separator\">\n\t\t\t\t\t\t<\/span>\n\t\t<\/div>\n\t\t\t\t\t\t<\/div>\n\t\t\t\t<\/div>\n\t\t\t\t<\/div>\n\t\t\t\t<\/div>\n\t\t<div class=\"elementor-element elementor-element-595b887a e-con-full e-flex e-con e-child\" data-id=\"595b887a\" data-element_type=\"container\" data-e-type=\"container\" data-settings=\"{&quot;background_background&quot;:&quot;classic&quot;}\">\n\t\t\t\t<div class=\"elementor-element elementor-element-5a384fd1 elementor-widget-divider--view-line elementor-widget elementor-widget-divider\" data-id=\"5a384fd1\" data-element_type=\"widget\" data-e-type=\"widget\" data-widget_type=\"divider.default\">\n\t\t\t\t<div class=\"elementor-widget-container\">\n\t\t\t\t\t\t\t<div class=\"elementor-divider\">\n\t\t\t<span class=\"elementor-divider-separator\">\n\t\t\t\t\t\t<\/span>\n\t\t<\/div>\n\t\t\t\t\t\t<\/div>\n\t\t\t\t<\/div>\n\t\t\t\t<\/div>\n\t\t\t\t\t<\/div>\n\t\t\t\t<\/div>\n\t\t<div class=\"elementor-element elementor-element-200cee8 e-flex e-con-boxed e-con e-parent\" data-id=\"200cee8\" data-element_type=\"container\" data-e-type=\"container\" data-settings=\"{&quot;background_background&quot;:&quot;classic&quot;}\">\n\t\t\t\t\t<div class=\"e-con-inner\">\n\t\t<div class=\"elementor-element elementor-element-33b119f e-con-full e-flex e-con e-child\" data-id=\"33b119f\" data-element_type=\"container\" data-e-type=\"container\">\n\t\t<div class=\"elementor-element elementor-element-9881bb1 e-con-full e-grid e-con e-child\" data-id=\"9881bb1\" data-element_type=\"container\" data-e-type=\"container\" data-settings=\"{&quot;background_background&quot;:&quot;classic&quot;}\">\n\t\t\t\t<div class=\"elementor-element elementor-element-2487f11 elementor-widget elementor-widget-image\" data-id=\"2487f11\" data-element_type=\"widget\" data-e-type=\"widget\" data-widget_type=\"image.default\">\n\t\t\t\t<div class=\"elementor-widget-container\">\n\t\t\t\t\t\t\t\t\t\t\t\t\t\t\t<img fetchpriority=\"high\" decoding=\"async\" width=\"800\" height=\"551\" src=\"https:\/\/cuadrabuslineas.com\/wp-content\/uploads\/2025\/02\/labrador-guide-dog-and-his-disabled-owner-1024x705.jpg\" class=\"attachment-large size-large wp-image-407\" alt=\"Labrador guide dog and his disabled owner\" srcset=\"https:\/\/cuadrabuslineas.com\/wp-content\/uploads\/2025\/02\/labrador-guide-dog-and-his-disabled-owner-1024x705.jpg 1024w, https:\/\/cuadrabuslineas.com\/wp-content\/uploads\/2025\/02\/labrador-guide-dog-and-his-disabled-owner-300x206.jpg 300w, https:\/\/cuadrabuslineas.com\/wp-content\/uploads\/2025\/02\/labrador-guide-dog-and-his-disabled-owner-768x528.jpg 768w, https:\/\/cuadrabuslineas.com\/wp-content\/uploads\/2025\/02\/labrador-guide-dog-and-his-disabled-owner-1536x1057.jpg 1536w, https:\/\/cuadrabuslineas.com\/wp-content\/uploads\/2025\/02\/labrador-guide-dog-and-his-disabled-owner.jpg 2000w\" sizes=\"(max-width: 800px) 100vw, 800px\" \/>\t\t\t\t\t\t\t\t\t\t\t\t\t\t\t<\/div>\n\t\t\t\t<\/div>\n\t\t\t\t<\/div>\n\t\t\t\t<\/div>\n\t\t<div class=\"elementor-element elementor-element-6f405c0 e-con-full e-flex e-con e-child\" data-id=\"6f405c0\" data-element_type=\"container\" data-e-type=\"container\" data-settings=\"{&quot;background_background&quot;:&quot;classic&quot;}\">\n\t\t\t\t<div class=\"elementor-element elementor-element-7aae7ae elementor-widget elementor-widget-heading\" data-id=\"7aae7ae\" data-element_type=\"widget\" data-e-type=\"widget\" data-widget_type=\"heading.default\">\n\t\t\t\t<div class=\"elementor-widget-container\">\n\t\t\t\t\t<h2 class=\"elementor-heading-title elementor-size-default\">Perros gu\u00eda<\/h2>\t\t\t\t<\/div>\n\t\t\t\t<\/div>\n\t\t\t\t<div class=\"elementor-element elementor-element-343eb64 elementor-widget elementor-widget-text-editor\" data-id=\"343eb64\" data-element_type=\"widget\" data-e-type=\"widget\" data-widget_type=\"text-editor.default\">\n\t\t\t\t<div class=\"elementor-widget-container\">\n\t\t\t\t\t\t\t\t\t<p>Los perros de asistencia que acompa\u00f1en a viajeros y viajeras pueden viajar en el interior de autob\u00fas\/autocar sin coste alguno. Los perros viajan a bordo y deben sentarse en el suelo, a los pies de la pasajera o pasajero.<\/p><p>Es obligatorio que el perro lleve su correa y toda su documentaci\u00f3n necesaria para el viaje.<\/p>\t\t\t\t\t\t\t\t<\/div>\n\t\t\t\t<\/div>\n\t\t\t\t<\/div>\n\t\t\t\t\t<\/div>\n\t\t\t\t<\/div>\n\t\t<div class=\"elementor-element elementor-element-27f8a48c e-con-full elementor-hidden-mobile e-flex e-con e-parent\" data-id=\"27f8a48c\" data-element_type=\"container\" data-e-type=\"container\" data-settings=\"{&quot;background_background&quot;:&quot;classic&quot;}\">\n\t\t<div class=\"elementor-element elementor-element-4a65c25c e-con-full e-flex e-con e-child\" data-id=\"4a65c25c\" data-element_type=\"container\" data-e-type=\"container\" data-settings=\"{&quot;background_background&quot;:&quot;classic&quot;}\">\n\t\t\t\t<div class=\"elementor-element elementor-element-32b96085 elementor-align-center elementor-widget elementor-widget-button\" data-id=\"32b96085\" data-element_type=\"widget\" data-e-type=\"widget\" data-widget_type=\"button.default\">\n\t\t\t\t<div class=\"elementor-widget-container\">\n\t\t\t\t\t\t\t\t\t<div class=\"elementor-button-wrapper\">\n\t\t\t\t\t<a class=\"elementor-button elementor-button-link elementor-size-sm\" href=\"https:\/\/cuadra.ingeniacom.com\/venta\/tickets\/listing\/es-ES\" target=\"_blank\">\n\t\t\t\t\t\t<span class=\"elementor-button-content-wrapper\">\n\t\t\t\t\t\t\t\t\t<span class=\"elementor-button-text\">Gestiona tu billete<\/span>\n\t\t\t\t\t<\/span>\n\t\t\t\t\t<\/a>\n\t\t\t\t<\/div>\n\t\t\t\t\t\t\t\t<\/div>\n\t\t\t\t<\/div>\n\t\t\t\t<\/div>\n\t\t<div class=\"elementor-element elementor-element-4388a3a7 e-con-full e-flex e-con e-child\" data-id=\"4388a3a7\" data-element_type=\"container\" data-e-type=\"container\" data-settings=\"{&quot;background_background&quot;:&quot;classic&quot;}\">\n\t\t\t\t<div class=\"elementor-element elementor-element-22af54bb elementor-align-center elementor-mobile-align-center elementor-widget elementor-widget-button\" data-id=\"22af54bb\" data-element_type=\"widget\" data-e-type=\"widget\" data-widget_type=\"button.default\">\n\t\t\t\t<div class=\"elementor-widget-container\">\n\t\t\t\t\t\t\t\t\t<div class=\"elementor-button-wrapper\">\n\t\t\t\t\t<a class=\"elementor-button elementor-button-link elementor-size-sm\" href=\"https:\/\/cuadra.ingeniacom.com\/venta\/tickets\/listing\/es-ES\" target=\"_blank\">\n\t\t\t\t\t\t<span class=\"elementor-button-content-wrapper\">\n\t\t\t\t\t\t\t\t\t<span class=\"elementor-button-text\">Modificaci\u00f3n de billetes<\/span>\n\t\t\t\t\t<\/span>\n\t\t\t\t\t<\/a>\n\t\t\t\t<\/div>\n\t\t\t\t\t\t\t\t<\/div>\n\t\t\t\t<\/div>\n\t\t\t\t<\/div>\n\t\t<div class=\"elementor-element elementor-element-7ac1628e e-con-full e-flex e-con e-child\" data-id=\"7ac1628e\" data-element_type=\"container\" data-e-type=\"container\" data-settings=\"{&quot;background_background&quot;:&quot;classic&quot;}\">\n\t\t\t\t<div class=\"elementor-element elementor-element-2dcb3d11 elementor-align-center elementor-widget elementor-widget-button\" data-id=\"2dcb3d11\" data-element_type=\"widget\" data-e-type=\"widget\" data-widget_type=\"button.default\">\n\t\t\t\t<div class=\"elementor-widget-container\">\n\t\t\t\t\t\t\t\t\t<div class=\"elementor-button-wrapper\">\n\t\t\t\t\t<a class=\"elementor-button elementor-button-link elementor-size-sm\" href=\"https:\/\/cuadra.ingeniacom.com\/venta\/tickets\/listing\/es-ES\" target=\"_blank\">\n\t\t\t\t\t\t<span class=\"elementor-button-content-wrapper\">\n\t\t\t\t\t\t\t\t\t<span class=\"elementor-button-text\">Anulaci\u00f3n de billetes<\/span>\n\t\t\t\t\t<\/span>\n\t\t\t\t\t<\/a>\n\t\t\t\t<\/div>\n\t\t\t\t\t\t\t\t<\/div>\n\t\t\t\t<\/div>\n\t\t\t\t<\/div>\n\t\t<div class=\"elementor-element elementor-element-34ee465 e-con-full e-flex e-con e-child\" data-id=\"34ee465\" data-element_type=\"container\" data-e-type=\"container\" data-settings=\"{&quot;background_background&quot;:&quot;classic&quot;}\">\n\t\t\t\t<div class=\"elementor-element elementor-element-5b0978a6 elementor-align-center elementor-widget elementor-widget-button\" data-id=\"5b0978a6\" data-element_type=\"widget\" data-e-type=\"widget\" data-widget_type=\"button.default\">\n\t\t\t\t<div class=\"elementor-widget-container\">\n\t\t\t\t\t\t\t\t\t<div class=\"elementor-button-wrapper\">\n\t\t\t\t\t<a class=\"elementor-button elementor-button-link elementor-size-sm\" href=\"https:\/\/cuadra.ingeniacom.com\/venta\/agencylogin\" target=\"_blank\">\n\t\t\t\t\t\t<span class=\"elementor-button-content-wrapper\">\n\t\t\t\t\t\t\t\t\t<span class=\"elementor-button-text\">Acceso a Agencias<\/span>\n\t\t\t\t\t<\/span>\n\t\t\t\t\t<\/a>\n\t\t\t\t<\/div>\n\t\t\t\t\t\t\t\t<\/div>\n\t\t\t\t<\/div>\n\t\t\t\t<\/div>\n\t\t<div class=\"elementor-element elementor-element-511a266 e-con-full e-flex e-con e-child\" data-id=\"511a266\" data-element_type=\"container\" data-e-type=\"container\" data-settings=\"{&quot;background_background&quot;:&quot;classic&quot;}\">\n\t\t\t\t<div class=\"elementor-element elementor-element-2d3f25a7 elementor-align-center elementor-widget elementor-widget-button\" data-id=\"2d3f25a7\" data-element_type=\"widget\" data-e-type=\"widget\" data-widget_type=\"button.default\">\n\t\t\t\t<div class=\"elementor-widget-container\">\n\t\t\t\t\t\t\t\t\t<div class=\"elementor-button-wrapper\">\n\t\t\t\t\t<a class=\"elementor-button elementor-button-link elementor-size-sm\" href=\"http:\/\/cuadra.ingeniacom.com\/Encuestas\/Index.aspx?Id=1\" target=\"_blank\">\n\t\t\t\t\t\t<span class=\"elementor-button-content-wrapper\">\n\t\t\t\t\t\t\t\t\t<span class=\"elementor-button-text\">Satisfacci\u00f3n<\/span>\n\t\t\t\t\t<\/span>\n\t\t\t\t\t<\/a>\n\t\t\t\t<\/div>\n\t\t\t\t\t\t\t\t<\/div>\n\t\t\t\t<\/div>\n\t\t\t\t<\/div>\n\t\t<div class=\"elementor-element elementor-element-1e85d2f8 e-con-full e-flex e-con e-child\" data-id=\"1e85d2f8\" data-element_type=\"container\" data-e-type=\"container\" data-settings=\"{&quot;background_background&quot;:&quot;classic&quot;}\">\n\t\t\t\t<div class=\"elementor-element elementor-element-1a4a3a3 elementor-align-center elementor-widget elementor-widget-button\" data-id=\"1a4a3a3\" data-element_type=\"widget\" data-e-type=\"widget\" data-widget_type=\"button.default\">\n\t\t\t\t<div class=\"elementor-widget-container\">\n\t\t\t\t\t\t\t\t\t<div class=\"elementor-button-wrapper\">\n\t\t\t\t\t<a class=\"elementor-button elementor-button-link elementor-size-sm\" href=\"https:\/\/cuadrabuslineas.com\/index.php\/objetos-perdidos\/\">\n\t\t\t\t\t\t<span class=\"elementor-button-content-wrapper\">\n\t\t\t\t\t\t\t\t\t<span class=\"elementor-button-text\">Objetos Perdidos<\/span>\n\t\t\t\t\t<\/span>\n\t\t\t\t\t<\/a>\n\t\t\t\t<\/div>\n\t\t\t\t\t\t\t\t<\/div>\n\t\t\t\t<\/div>\n\t\t\t\t<\/div>\n\t\t\t\t<\/div>\n\t\t\t\t<\/div>\n\t\t","protected":false},"excerpt":{"rendered":"<p>Iframe Centrado Transporte adaptado a nuestras y nuestros clientes. En autobuses Cuadra desarrollamos un plan para que todos nuestros servicios sean accesibles para las personas de movilidad reducida. Aquellas personas [&hellip;]<\/p>\n","protected":false},"author":1,"featured_media":0,"parent":0,"menu_order":0,"comment_status":"closed","ping_status":"closed","template":"","meta":{"om_disable_all_campaigns":false,"_monsterinsights_skip_tracking":false,"_monsterinsights_sitenote_active":false,"_monsterinsights_sitenote_note":"","_monsterinsights_sitenote_category":0,"footnotes":""},"class_list":["post-405","page","type-page","status-publish","hentry"],"aioseo_notices":[],"_links":{"self":[{"href":"https:\/\/cuadrabuslineas.com\/index.php\/wp-json\/wp\/v2\/pages\/405","targetHints":{"allow":["GET"]}}],"collection":[{"href":"https:\/\/cuadrabuslineas.com\/index.php\/wp-json\/wp\/v2\/pages"}],"about":[{"href":"https:\/\/cuadrabuslineas.com\/index.php\/wp-json\/wp\/v2\/types\/page"}],"author":[{"embeddable":true,"href":"https:\/\/cuadrabuslineas.com\/index.php\/wp-json\/wp\/v2\/users\/1"}],"replies":[{"embeddable":true,"href":"https:\/\/cuadrabuslineas.com\/index.php\/wp-json\/wp\/v2\/comments?post=405"}],"version-history":[{"count":31,"href":"https:\/\/cuadrabuslineas.com\/index.php\/wp-json\/wp\/v2\/pages\/405\/revisions"}],"predecessor-version":[{"id":1234,"href":"https:\/\/cuadrabuslineas.com\/index.php\/wp-json\/wp\/v2\/pages\/405\/revisions\/1234"}],"wp:attachment":[{"href":"https:\/\/cuadrabuslineas.com\/index.php\/wp-json\/wp\/v2\/media?parent=405"}],"curies":[{"name":"wp","href":"https:\/\/api.w.org\/{rel}","templated":true}]}}